{"id":5304,"date":"2022-02-02T17:07:22","date_gmt":"2022-02-02T17:07:22","guid":{"rendered":"https:\/\/www.asistencialegaldeudas.cl\/?page_id=5304"},"modified":"2022-02-18T18:37:57","modified_gmt":"2022-02-18T18:37:57","slug":"quienes-somos","status":"publish","type":"page","link":"https:\/\/www.asistencialegaldeudas.cl\/?page_id=5304","title":{"rendered":"Quienes Somos"},"content":{"rendered":"\n<p>Somos un estudio jur\u00eddico enfocado en la excelencia profesional y asesor\u00eda legal de personas que presentan problemas de deudas, sobre endeudamiento y dificultad en el cumplimiento de sus pagos.<\/p>\n\n\n\n<p>Es por ello, que ofrecemos a trav\u00e9s de nuestras defensas, una amplia variedad de herramientas para ayudar a los clientes a encontrar la mejor soluci\u00f3n posible ante la situaci\u00f3n que est\u00e9 pasando.<\/p>\n\n\n\n<p>En Asesor\u00eda Legal Deudas, estamos orientados a la prestaci\u00f3n de servicios legales, ofreciendo una asesor\u00eda&nbsp;legal enfocada en la posibilidad de poner al alcance de las personas un servicio de excelencia y dando la oportunidad de volver a emprender.&nbsp;<\/p>\n","protected":false},"excerpt":{"rendered":"<p>Somos un estudio jur\u00eddico enfocado en la excelencia profesional y asesor\u00eda legal de personas que presentan problemas de deudas, sobre endeudamiento y dificultad en el cumplimiento de sus pagos. Es por ello, que ofrecemos a trav\u00e9s de nuestras defensas, una amplia variedad de herramientas para ayudar a los clientes a encontrar la mejor soluci\u00f3n posible [&hellip;]<\/p>\n","protected":false},"author":3,"featured_media":0,"parent":0,"menu_order":0,"comment_status":"closed","ping_status":"closed","template":"","meta":{"footnotes":""},"class_list":["post-5304","page","type-page","status-publish","hentry"],"_links":{"self":[{"href":"https:\/\/www.asistencialegaldeudas.cl\/index.php?rest_route=\/wp\/v2\/pages\/5304","targetHints":{"allow":["GET"]}}],"collection":[{"href":"https:\/\/www.asistencialegaldeudas.cl\/index.php?rest_route=\/wp\/v2\/pages"}],"about":[{"href":"https:\/\/www.asistencialegaldeudas.cl\/index.php?rest_route=\/wp\/v2\/types\/page"}],"author":[{"embeddable":true,"href":"https:\/\/www.asistencialegaldeudas.cl\/index.php?rest_route=\/wp\/v2\/users\/3"}],"replies":[{"embeddable":true,"href":"https:\/\/www.asistencialegaldeudas.cl\/index.php?rest_route=%2Fwp%2Fv2%2Fcomments&post=5304"}],"version-history":[{"count":3,"href":"https:\/\/www.asistencialegaldeudas.cl\/index.php?rest_route=\/wp\/v2\/pages\/5304\/revisions"}],"predecessor-version":[{"id":5542,"href":"https:\/\/www.asistencialegaldeudas.cl\/index.php?rest_route=\/wp\/v2\/pages\/5304\/revisions\/5542"}],"wp:attachment":[{"href":"https:\/\/www.asistencialegaldeudas.cl\/index.php?rest_route=%2Fwp%2Fv2%2Fmedia&parent=5304"}],"curies":[{"name":"wp","href":"https:\/\/api.w.org\/{rel}","templated":true}]}}