{"id":3960,"date":"2021-08-25T17:53:43","date_gmt":"2021-08-25T17:53:43","guid":{"rendered":"https:\/\/www.asistencialegaldeudas.cl\/?page_id=3960"},"modified":"2022-02-18T21:16:32","modified_gmt":"2022-02-18T21:16:32","slug":"inicio","status":"publish","type":"page","link":"https:\/\/www.asistencialegaldeudas.cl\/","title":{"rendered":"Inicio"},"content":{"rendered":"\t\t<div data-elementor-type=\"wp-page\" data-elementor-id=\"3960\" class=\"elementor elementor-3960\">\n\t\t\t\t\t\t\t\t\t<section class=\"elementor-section elementor-top-section elementor-element elementor-element-044d4a6 elementor-section-height-min-height elementor-section-boxed elementor-section-height-default elementor-section-items-middle\" data-id=\"044d4a6\" data-element_type=\"section\" data-settings=\"{&quot;jet_parallax_layout_list&quot;:[],&quot;background_background&quot;:&quot;slideshow&quot;,&quot;background_slideshow_gallery&quot;:[{&quot;id&quot;:5336,&quot;url&quot;:&quot;https:\\\/\\\/www.asistencialegaldeudas.cl\\\/wp-content\\\/uploads\\\/2022\\\/02\\\/SERV_LEY_DE_QUIEBRA.jpg&quot;},{&quot;id&quot;:5334,&quot;url&quot;:&quot;https:\\\/\\\/www.asistencialegaldeudas.cl\\\/wp-content\\\/uploads\\\/2022\\\/02\\\/SERV_DEFENSA_JUICIO_DEUDAS.jpg&quot;},{&quot;id&quot;:5312,&quot;url&quot;:&quot;https:\\\/\\\/www.asistencialegaldeudas.cl\\\/wp-content\\\/uploads\\\/2022\\\/02\\\/IMG_QUIEBRA.jpg&quot;}],&quot;background_slideshow_loop&quot;:&quot;yes&quot;,&quot;background_slideshow_slide_duration&quot;:5000,&quot;background_slideshow_slide_transition&quot;:&quot;fade&quot;,&quot;background_slideshow_transition_duration&quot;:500}\">\n\t\t\t\t\t\t<div class=\"elementor-container elementor-column-gap-default\">\n\t\t\t\t\t<div class=\"elementor-column elementor-col-100 elementor-top-column elementor-element elementor-element-61ce60a\" data-id=\"61ce60a\" data-element_type=\"column\">\n\t\t\t<div class=\"elementor-widget-wrap elementor-element-populated\">\n\t\t\t\t\t\t\t\t<div class=\"elementor-element elementor-element-727d703 elementor-widget elementor-widget-heading\" data-id=\"727d703\" data-element_type=\"widget\" data-widget_type=\"heading.default\">\n\t\t\t\t<div class=\"elementor-widget-container\">\n\t\t\t<h2 class=\"elementor-heading-title elementor-size-xxl\">ABOGADOS<\/h2>\t\t<\/div>\n\t\t\t\t<\/div>\n\t\t\t\t<div class=\"elementor-element elementor-element-51f66b1 elementor-widget-divider--view-line elementor-widget elementor-widget-divider\" data-id=\"51f66b1\" data-element_type=\"widget\" data-widget_type=\"divider.default\">\n\t\t\t\t<div class=\"elementor-widget-container\">\n\t\t\t\t\t<div class=\"elementor-divider\">\n\t\t\t<span class=\"elementor-divider-separator\">\n\t\t\t\t\t\t<\/span>\n\t\t<\/div>\n\t\t\t\t<\/div>\n\t\t\t\t<\/div>\n\t\t\t\t<div class=\"elementor-element elementor-element-7ec312a elementor-headline--style-rotate elementor-widget__width-auto elementor-widget elementor-widget-animated-headline\" data-id=\"7ec312a\" data-element_type=\"widget\" data-settings=\"{&quot;headline_style&quot;:&quot;rotate&quot;,&quot;animation_type&quot;:&quot;clip&quot;,&quot;rotating_text&quot;:&quot;Profesionales\\nJustos\\nAl alcance de todos&quot;,&quot;rotate_iteration_delay&quot;:2000,&quot;loop&quot;:&quot;yes&quot;}\" data-widget_type=\"animated-headline.default\">\n\t\t\t\t<div class=\"elementor-widget-container\">\n\t\t\t\t\t<h3 class=\"elementor-headline elementor-headline-animation-type-clip\">\n\t\t\t\t<span class=\"elementor-headline-dynamic-wrapper elementor-headline-text-wrapper\">\n\t\t\t\t\t<span class=\"elementor-headline-dynamic-text elementor-headline-text-active\">\n\t\t\t\tProfesionales\t\t\t<\/span>\n\t\t\t\t\t<span class=\"elementor-headline-dynamic-text\">\n\t\t\t\tJustos\t\t\t<\/span>\n\t\t\t\t\t<span class=\"elementor-headline-dynamic-text\">\n\t\t\t\tAl&nbsp;alcance&nbsp;de&nbsp;todos\t\t\t<\/span>\n\t\t\t\t\t\t<\/span>\n\t\t\t\t<\/h3>\n\t\t\t\t<\/div>\n\t\t\t\t<\/div>\n\t\t\t\t\t<\/div>\n\t\t<\/div>\n\t\t\t\t\t\t\t<\/div>\n\t\t<\/section>\n\t\t\t\t<section class=\"elementor-section elementor-top-section elementor-element elementor-element-d12633a elementor-section-boxed elementor-section-height-default elementor-section-height-default\" data-id=\"d12633a\" data-element_type=\"section\" data-settings=\"{&quot;jet_parallax_layout_list&quot;:[]}\">\n\t\t\t\t\t\t<div class=\"elementor-container elementor-column-gap-default\">\n\t\t\t\t\t<div class=\"elementor-column elementor-col-50 elementor-top-column elementor-element elementor-element-36553f1\" data-id=\"36553f1\" data-element_type=\"column\">\n\t\t\t<div class=\"elementor-widget-wrap elementor-element-populated\">\n\t\t\t\t\t\t\t\t<div class=\"elementor-element elementor-element-f37033a elementor-widget elementor-widget-heading\" data-id=\"f37033a\" data-element_type=\"widget\" data-widget_type=\"heading.default\">\n\t\t\t\t<div class=\"elementor-widget-container\">\n\t\t\t<h2 class=\"elementor-heading-title elementor-size-xxl\">SOMOS<\/h2>\t\t<\/div>\n\t\t\t\t<\/div>\n\t\t\t\t<div class=\"elementor-element elementor-element-22f56b4 elementor-widget elementor-widget-text-editor\" data-id=\"22f56b4\" data-element_type=\"widget\" data-widget_type=\"text-editor.default\">\n\t\t\t\t<div class=\"elementor-widget-container\">\n\t\t\t\t\t\t\t<p style=\"font-weight: 400;\">Somos un estudio jur\u00eddico enfocado en la excelencia profesional y asesor\u00eda legal de personas que presentan problemas de deudas, sobre endeudamiento y dificultad en el cumplimiento de sus pagos.<\/p><p style=\"font-weight: 400;\">Es por ello, que ofrecemos a trav\u00e9s de nuestras defensas, una amplia variedad de herramientas para ayudar a los clientes a encontrar la mejor soluci\u00f3n posible ante la situaci\u00f3n que est\u00e9 pasando.<\/p>\t\t\t\t\t\t<\/div>\n\t\t\t\t<\/div>\n\t\t\t\t\t<\/div>\n\t\t<\/div>\n\t\t\t\t<div class=\"elementor-column elementor-col-50 elementor-top-column elementor-element elementor-element-4c111cb\" data-id=\"4c111cb\" data-element_type=\"column\">\n\t\t\t<div class=\"elementor-widget-wrap elementor-element-populated\">\n\t\t\t\t\t\t\t\t<div class=\"elementor-element elementor-element-49fda78 elementor-widget elementor-widget-image\" data-id=\"49fda78\" data-element_type=\"widget\" data-widget_type=\"image.default\">\n\t\t\t\t<div class=\"elementor-widget-container\">\n\t\t\t\t\t\t\t\t\t\t\t\t\t\t\t<img fetchpriority=\"high\" decoding=\"async\" width=\"800\" height=\"534\" src=\"https:\/\/www.asistencialegaldeudas.cl\/wp-content\/uploads\/2022\/02\/IMG_BORRADO_DICOM-1024x683.jpg\" class=\"attachment-large size-large wp-image-5315\" alt=\"\" srcset=\"https:\/\/www.asistencialegaldeudas.cl\/wp-content\/uploads\/2022\/02\/IMG_BORRADO_DICOM-1024x683.jpg 1024w, https:\/\/www.asistencialegaldeudas.cl\/wp-content\/uploads\/2022\/02\/IMG_BORRADO_DICOM-300x200.jpg 300w, https:\/\/www.asistencialegaldeudas.cl\/wp-content\/uploads\/2022\/02\/IMG_BORRADO_DICOM-768x512.jpg 768w, https:\/\/www.asistencialegaldeudas.cl\/wp-content\/uploads\/2022\/02\/IMG_BORRADO_DICOM-600x400.jpg 600w, https:\/\/www.asistencialegaldeudas.cl\/wp-content\/uploads\/2022\/02\/IMG_BORRADO_DICOM.jpg 1500w\" sizes=\"(max-width: 800px) 100vw, 800px\" \/>\t\t\t\t\t\t\t\t\t\t\t\t\t\t\t<\/div>\n\t\t\t\t<\/div>\n\t\t\t\t\t<\/div>\n\t\t<\/div>\n\t\t\t\t\t\t\t<\/div>\n\t\t<\/section>\n\t\t\t\t<section class=\"elementor-section elementor-top-section elementor-element elementor-element-40edf97 elementor-section-boxed elementor-section-height-default elementor-section-height-default\" data-id=\"40edf97\" data-element_type=\"section\" data-settings=\"{&quot;jet_parallax_layout_list&quot;:[],&quot;background_background&quot;:&quot;gradient&quot;}\">\n\t\t\t\t\t\t<div class=\"elementor-container elementor-column-gap-default\">\n\t\t\t\t\t<div class=\"elementor-column elementor-col-100 elementor-top-column elementor-element elementor-element-0ae9a84\" data-id=\"0ae9a84\" data-element_type=\"column\">\n\t\t\t<div class=\"elementor-widget-wrap elementor-element-populated\">\n\t\t\t\t\t\t\t\t<div class=\"elementor-element elementor-element-207a8af elementor-widget elementor-widget-heading\" data-id=\"207a8af\" data-element_type=\"widget\" data-widget_type=\"heading.default\">\n\t\t\t\t<div class=\"elementor-widget-container\">\n\t\t\t<h2 class=\"elementor-heading-title elementor-size-default\">SERVICIOS<\/h2>\t\t<\/div>\n\t\t\t\t<\/div>\n\t\t\t\t\t<\/div>\n\t\t<\/div>\n\t\t\t\t\t\t\t<\/div>\n\t\t<\/section>\n\t\t\t\t<section class=\"elementor-section elementor-top-section elementor-element elementor-element-666fa0f elementor-section-boxed elementor-section-height-default elementor-section-height-default\" data-id=\"666fa0f\" data-element_type=\"section\" data-settings=\"{&quot;jet_parallax_layout_list&quot;:[]}\">\n\t\t\t\t\t\t<div class=\"elementor-container elementor-column-gap-default\">\n\t\t\t\t\t<div class=\"elementor-column elementor-col-100 elementor-top-column elementor-element elementor-element-18af2ea\" data-id=\"18af2ea\" data-element_type=\"column\">\n\t\t\t<div class=\"elementor-widget-wrap elementor-element-populated\">\n\t\t\t\t\t\t\t\t<div class=\"elementor-element elementor-element-8dff2ed elementor-grid-2 elementor-posts--align-left elementor-grid-tablet-2 elementor-grid-mobile-1 elementor-posts--thumbnail-top elementor-widget elementor-widget-posts\" data-id=\"8dff2ed\" data-element_type=\"widget\" data-settings=\"{&quot;classic_columns&quot;:&quot;2&quot;,&quot;classic_columns_tablet&quot;:&quot;2&quot;,&quot;classic_columns_mobile&quot;:&quot;1&quot;,&quot;classic_row_gap&quot;:{&quot;unit&quot;:&quot;px&quot;,&quot;size&quot;:35,&quot;sizes&quot;:[]},&quot;classic_row_gap_tablet&quot;:{&quot;unit&quot;:&quot;px&quot;,&quot;size&quot;:&quot;&quot;,&quot;sizes&quot;:[]},&quot;classic_row_gap_mobile&quot;:{&quot;unit&quot;:&quot;px&quot;,&quot;size&quot;:&quot;&quot;,&quot;sizes&quot;:[]}}\" data-widget_type=\"posts.classic\">\n\t\t\t\t<div class=\"elementor-widget-container\">\n\t\t\t\t\t<div class=\"elementor-posts-container elementor-posts elementor-posts--skin-classic elementor-grid\">\n\t\t\t\t<article class=\"elementor-post elementor-grid-item post-5330 post type-post status-publish format-standard has-post-thumbnail hentry category-servicios\">\n\t\t\t\t<a class=\"elementor-post__thumbnail__link\" href=\"https:\/\/www.asistencialegaldeudas.cl\/?p=5330\" >\n\t\t\t<div class=\"elementor-post__thumbnail\"><img decoding=\"async\" width=\"768\" height=\"512\" src=\"https:\/\/www.asistencialegaldeudas.cl\/wp-content\/uploads\/2022\/02\/SERV_NEGOCIACION_DEUDAS-768x512.jpg\" class=\"attachment-medium_large size-medium_large wp-image-5333\" alt=\"\" srcset=\"https:\/\/www.asistencialegaldeudas.cl\/wp-content\/uploads\/2022\/02\/SERV_NEGOCIACION_DEUDAS-768x512.jpg 768w, https:\/\/www.asistencialegaldeudas.cl\/wp-content\/uploads\/2022\/02\/SERV_NEGOCIACION_DEUDAS-300x200.jpg 300w, https:\/\/www.asistencialegaldeudas.cl\/wp-content\/uploads\/2022\/02\/SERV_NEGOCIACION_DEUDAS-1024x683.jpg 1024w, https:\/\/www.asistencialegaldeudas.cl\/wp-content\/uploads\/2022\/02\/SERV_NEGOCIACION_DEUDAS-600x400.jpg 600w, https:\/\/www.asistencialegaldeudas.cl\/wp-content\/uploads\/2022\/02\/SERV_NEGOCIACION_DEUDAS.jpg 1500w\" sizes=\"(max-width: 768px) 100vw, 768px\" \/><\/div>\n\t\t<\/a>\n\t\t\t\t<div class=\"elementor-post__text\">\n\t\t\t\t<h3 class=\"elementor-post__title\">\n\t\t\t<a href=\"https:\/\/www.asistencialegaldeudas.cl\/?p=5330\" >\n\t\t\t\tEliminaci\u00f3n de antecedentes comerciales\t\t\t<\/a>\n\t\t<\/h3>\n\t\t\t\t<div class=\"elementor-post__excerpt\">\n\t\t\t<p>Existen alternativas legales para eliminar las deudas informadas a trav\u00e9s de certificados de antecedentes comerciales, como DICOM, boletines comerciales u otros. Es importante entender que<\/p>\n\t\t<\/div>\n\t\t\n\t\t<a class=\"elementor-post__read-more\" href=\"https:\/\/www.asistencialegaldeudas.cl\/?p=5330\" >\n\t\t\tLeer m\u00e1s \u00bb\t\t<\/a>\n\n\t\t\t\t<\/div>\n\t\t\t\t<\/article>\n\t\t\t\t<article class=\"elementor-post elementor-grid-item post-5328 post type-post status-publish format-standard has-post-thumbnail hentry category-servicios\">\n\t\t\t\t<a class=\"elementor-post__thumbnail__link\" href=\"https:\/\/www.asistencialegaldeudas.cl\/?p=5328\" >\n\t\t\t<div class=\"elementor-post__thumbnail\"><img decoding=\"async\" width=\"768\" height=\"512\" src=\"https:\/\/www.asistencialegaldeudas.cl\/wp-content\/uploads\/2022\/02\/SERV_LEY_DE_QUIEBRA-768x512.jpg\" class=\"attachment-medium_large size-medium_large wp-image-5336\" alt=\"\" srcset=\"https:\/\/www.asistencialegaldeudas.cl\/wp-content\/uploads\/2022\/02\/SERV_LEY_DE_QUIEBRA-768x512.jpg 768w, https:\/\/www.asistencialegaldeudas.cl\/wp-content\/uploads\/2022\/02\/SERV_LEY_DE_QUIEBRA-300x200.jpg 300w, https:\/\/www.asistencialegaldeudas.cl\/wp-content\/uploads\/2022\/02\/SERV_LEY_DE_QUIEBRA-1024x683.jpg 1024w, https:\/\/www.asistencialegaldeudas.cl\/wp-content\/uploads\/2022\/02\/SERV_LEY_DE_QUIEBRA-600x400.jpg 600w, https:\/\/www.asistencialegaldeudas.cl\/wp-content\/uploads\/2022\/02\/SERV_LEY_DE_QUIEBRA.jpg 1500w\" sizes=\"(max-width: 768px) 100vw, 768px\" \/><\/div>\n\t\t<\/a>\n\t\t\t\t<div class=\"elementor-post__text\">\n\t\t\t\t<h3 class=\"elementor-post__title\">\n\t\t\t<a href=\"https:\/\/www.asistencialegaldeudas.cl\/?p=5328\" >\n\t\t\t\tLey de quiebra y reemprendimiento\t\t\t<\/a>\n\t\t<\/h3>\n\t\t\t\t<div class=\"elementor-post__excerpt\">\n\t\t\t<p>Desde el a\u00f1o 2014 est\u00e1 vigente en Chile la&nbsp;Ley de Reorganizaci\u00f3n y Liquidaci\u00f3n de activos de Empresas y Personas&nbsp;(Ley N\u00ba 20.720). Esta ley les permite<\/p>\n\t\t<\/div>\n\t\t\n\t\t<a class=\"elementor-post__read-more\" href=\"https:\/\/www.asistencialegaldeudas.cl\/?p=5328\" >\n\t\t\tLeer m\u00e1s \u00bb\t\t<\/a>\n\n\t\t\t\t<\/div>\n\t\t\t\t<\/article>\n\t\t\t\t<article class=\"elementor-post elementor-grid-item post-5326 post type-post status-publish format-standard has-post-thumbnail hentry category-servicios\">\n\t\t\t\t<a class=\"elementor-post__thumbnail__link\" href=\"https:\/\/www.asistencialegaldeudas.cl\/?p=5326\" >\n\t\t\t<div class=\"elementor-post__thumbnail\"><img loading=\"lazy\" decoding=\"async\" width=\"768\" height=\"512\" src=\"https:\/\/www.asistencialegaldeudas.cl\/wp-content\/uploads\/2022\/02\/SERV_DEFENSA_JUICIO_DEUDAS-768x512.jpg\" class=\"attachment-medium_large size-medium_large wp-image-5334\" alt=\"\" srcset=\"https:\/\/www.asistencialegaldeudas.cl\/wp-content\/uploads\/2022\/02\/SERV_DEFENSA_JUICIO_DEUDAS-768x512.jpg 768w, https:\/\/www.asistencialegaldeudas.cl\/wp-content\/uploads\/2022\/02\/SERV_DEFENSA_JUICIO_DEUDAS-300x200.jpg 300w, https:\/\/www.asistencialegaldeudas.cl\/wp-content\/uploads\/2022\/02\/SERV_DEFENSA_JUICIO_DEUDAS-1024x683.jpg 1024w, https:\/\/www.asistencialegaldeudas.cl\/wp-content\/uploads\/2022\/02\/SERV_DEFENSA_JUICIO_DEUDAS-600x400.jpg 600w, https:\/\/www.asistencialegaldeudas.cl\/wp-content\/uploads\/2022\/02\/SERV_DEFENSA_JUICIO_DEUDAS.jpg 1500w\" sizes=\"(max-width: 768px) 100vw, 768px\" \/><\/div>\n\t\t<\/a>\n\t\t\t\t<div class=\"elementor-post__text\">\n\t\t\t\t<h3 class=\"elementor-post__title\">\n\t\t\t<a href=\"https:\/\/www.asistencialegaldeudas.cl\/?p=5326\" >\n\t\t\t\tDefensa ante embargo de bienes y cuentas\t\t\t<\/a>\n\t\t<\/h3>\n\t\t\t\t<div class=\"elementor-post__excerpt\">\n\t\t\t<p>\u00bfQu\u00e9 debo hacer ante un embargo de bienes y cuentas bancarias? Una deuda es un compromiso a futuro que, en algunos casos, el deudor por<\/p>\n\t\t<\/div>\n\t\t\n\t\t<a class=\"elementor-post__read-more\" href=\"https:\/\/www.asistencialegaldeudas.cl\/?p=5326\" >\n\t\t\tLeer m\u00e1s \u00bb\t\t<\/a>\n\n\t\t\t\t<\/div>\n\t\t\t\t<\/article>\n\t\t\t\t<article class=\"elementor-post elementor-grid-item post-5324 post type-post status-publish format-standard has-post-thumbnail hentry category-servicios\">\n\t\t\t\t<a class=\"elementor-post__thumbnail__link\" href=\"https:\/\/www.asistencialegaldeudas.cl\/?p=5324\" >\n\t\t\t<div class=\"elementor-post__thumbnail\"><img loading=\"lazy\" decoding=\"async\" width=\"768\" height=\"512\" src=\"https:\/\/www.asistencialegaldeudas.cl\/wp-content\/uploads\/2022\/02\/SERV_REGIMEN_DE_VISITAS-768x512.jpg\" class=\"attachment-medium_large size-medium_large wp-image-5415\" alt=\"\" srcset=\"https:\/\/www.asistencialegaldeudas.cl\/wp-content\/uploads\/2022\/02\/SERV_REGIMEN_DE_VISITAS-768x512.jpg 768w, https:\/\/www.asistencialegaldeudas.cl\/wp-content\/uploads\/2022\/02\/SERV_REGIMEN_DE_VISITAS-300x200.jpg 300w, https:\/\/www.asistencialegaldeudas.cl\/wp-content\/uploads\/2022\/02\/SERV_REGIMEN_DE_VISITAS-1024x683.jpg 1024w, https:\/\/www.asistencialegaldeudas.cl\/wp-content\/uploads\/2022\/02\/SERV_REGIMEN_DE_VISITAS-600x400.jpg 600w, https:\/\/www.asistencialegaldeudas.cl\/wp-content\/uploads\/2022\/02\/SERV_REGIMEN_DE_VISITAS.jpg 1500w\" sizes=\"(max-width: 768px) 100vw, 768px\" \/><\/div>\n\t\t<\/a>\n\t\t\t\t<div class=\"elementor-post__text\">\n\t\t\t\t<h3 class=\"elementor-post__title\">\n\t\t\t<a href=\"https:\/\/www.asistencialegaldeudas.cl\/?p=5324\" >\n\t\t\t\tDefensa en Juicios Hipotecarios\t\t\t<\/a>\n\t\t<\/h3>\n\t\t\t\t<div class=\"elementor-post__excerpt\">\n\t\t\t<p>Cuando llevas un periodo sin pagar las cuotas de tu cr\u00e9dito&nbsp;hipotecario, se corre el riesgo de que el acreedor, pueda iniciar un juicio para rematar<\/p>\n\t\t<\/div>\n\t\t\n\t\t<a class=\"elementor-post__read-more\" href=\"https:\/\/www.asistencialegaldeudas.cl\/?p=5324\" >\n\t\t\tLeer m\u00e1s \u00bb\t\t<\/a>\n\n\t\t\t\t<\/div>\n\t\t\t\t<\/article>\n\t\t\t\t<\/div>\n\n\n\t\t\n\t\t\t\t<\/div>\n\t\t\t\t<\/div>\n\t\t\t\t\t<\/div>\n\t\t<\/div>\n\t\t\t\t\t\t\t<\/div>\n\t\t<\/section>\n\t\t\t\t\t\t\t<\/div>\n\t\t","protected":false},"excerpt":{"rendered":"<p>ABOGADOS Profesionales Justos Al&nbsp;alcance&nbsp;de&nbsp;todos SOMOS Somos un estudio jur\u00eddico enfocado en la excelencia profesional y asesor\u00eda legal de personas que presentan problemas de deudas, sobre endeudamiento y dificultad en el cumplimiento de sus pagos. Es por ello, que ofrecemos a trav\u00e9s de nuestras defensas, una amplia variedad de herramientas para ayudar a los clientes a [&hellip;]<\/p>\n","protected":false},"author":3,"featured_media":0,"parent":0,"menu_order":0,"comment_status":"closed","ping_status":"closed","template":"","meta":{"footnotes":""},"class_list":["post-3960","page","type-page","status-publish","hentry"],"_links":{"self":[{"href":"https:\/\/www.asistencialegaldeudas.cl\/index.php?rest_route=\/wp\/v2\/pages\/3960","targetHints":{"allow":["GET"]}}],"collection":[{"href":"https:\/\/www.asistencialegaldeudas.cl\/index.php?rest_route=\/wp\/v2\/pages"}],"about":[{"href":"https:\/\/www.asistencialegaldeudas.cl\/index.php?rest_route=\/wp\/v2\/types\/page"}],"author":[{"embeddable":true,"href":"https:\/\/www.asistencialegaldeudas.cl\/index.php?rest_route=\/wp\/v2\/users\/3"}],"replies":[{"embeddable":true,"href":"https:\/\/www.asistencialegaldeudas.cl\/index.php?rest_route=%2Fwp%2Fv2%2Fcomments&post=3960"}],"version-history":[{"count":578,"href":"https:\/\/www.asistencialegaldeudas.cl\/index.php?rest_route=\/wp\/v2\/pages\/3960\/revisions"}],"predecessor-version":[{"id":5572,"href":"https:\/\/www.asistencialegaldeudas.cl\/index.php?rest_route=\/wp\/v2\/pages\/3960\/revisions\/5572"}],"wp:attachment":[{"href":"https:\/\/www.asistencialegaldeudas.cl\/index.php?rest_route=%2Fwp%2Fv2%2Fmedia&parent=3960"}],"curies":[{"name":"wp","href":"https:\/\/api.w.org\/{rel}","templated":true}]}}